{"id":685,"date":"2022-06-16T12:15:16","date_gmt":"2022-06-16T10:15:16","guid":{"rendered":"http:\/\/www.assistante-maternelle-luce.fr\/?page_id=685"},"modified":"2022-07-04T15:05:24","modified_gmt":"2022-07-04T13:05:24","slug":"mentions-legales-assistante-maternelle-luce","status":"publish","type":"page","link":"https:\/\/assistante-maternelle-luce.fr\/?page_id=685","title":{"rendered":"Mentions l\u00e9gales"},"content":{"rendered":"<p>[et_pb_section fb_built=\u00a0\u00bb1&Prime; fullwidth=\u00a0\u00bbon\u00a0\u00bb admin_label=\u00a0\u00bbHeader Section\u00a0\u00bb _builder_version=\u00a0\u00bb4.16&Prime; _module_preset=\u00a0\u00bbdefault\u00a0\u00bb background_image=\u00a0\u00bbhttps:\/\/www.assistante-maternelle-luce.fr\/wp-content\/uploads\/2022\/06\/hdgdgh.jpg\u00a0\u00bb parallax=\u00a0\u00bbon\u00a0\u00bb top_divider_style=\u00a0\u00bbclouds2&Prime; top_divider_color=\u00a0\u00bbrgba(255,255,255,0.3)\u00a0\u00bb top_divider_height=\u00a0\u00bb100%\u00a0\u00bb bottom_divider_height=\u00a0\u00bb30px\u00a0\u00bb global_colors_info=\u00a0\u00bb{}\u00a0\u00bb][et_pb_fullwidth_header title=\u00a0\u00bbMENTIONS L\u00c9GALES\u00a0\u00bb text_orientation=\u00a0\u00bbcenter\u00a0\u00bb _builder_version=\u00a0\u00bb4.17.4&Prime; _module_preset=\u00a0\u00bbdefault\u00a0\u00bb title_level=\u00a0\u00bbh2&Prime; title_font=\u00a0\u00bbRubik|700||on|||||\u00a0\u00bb title_text_color=\u00a0\u00bb#ff7355&Prime; title_font_size=\u00a0\u00bb16px\u00a0\u00bb title_letter_spacing=\u00a0\u00bb5px\u00a0\u00bb title_line_height=\u00a0\u00bb2em\u00a0\u00bb content_font=\u00a0\u00bbRubik||||||||\u00a0\u00bb content_font_size=\u00a0\u00bb18px\u00a0\u00bb content_line_height=\u00a0\u00bb2em\u00a0\u00bb subhead_font=\u00a0\u00bbRubik|700|||||||\u00a0\u00bb subhead_text_color=\u00a0\u00bbrgba(0,0,0,0.8)\u00a0\u00bb subhead_font_size=\u00a0\u00bb50px\u00a0\u00bb subhead_line_height=\u00a0\u00bb1.4em\u00a0\u00bb background_color=\u00a0\u00bbrgba(255,255,255,0)\u00a0\u00bb use_background_color_gradient=\u00a0\u00bbon\u00a0\u00bb background_color_gradient_stops=\u00a0\u00bbrgba(255,255,255,0.7) 0%|#ffffff 100%\u00a0\u00bb background_color_gradient_start=\u00a0\u00bbrgba(255,255,255,0.7)\u00a0\u00bb background_color_gradient_end=\u00a0\u00bb#ffffff\u00a0\u00bb background_size=\u00a0\u00bbcontain\u00a0\u00bb background_position=\u00a0\u00bbbottom_center\u00a0\u00bb custom_button_one=\u00a0\u00bbon\u00a0\u00bb button_one_text_size=\u00a0\u00bb16px\u00a0\u00bb button_one_text_color=\u00a0\u00bb#ffffff\u00a0\u00bb button_one_bg_color=\u00a0\u00bb#ff7355&Prime; button_one_border_width=\u00a0\u00bb15px\u00a0\u00bb button_one_border_color=\u00a0\u00bbrgba(210,159,104,0)\u00a0\u00bb button_one_border_radius=\u00a0\u00bb100px\u00a0\u00bb button_one_letter_spacing=\u00a0\u00bb0px\u00a0\u00bb button_one_font=\u00a0\u00bbRubik|700|||||||\u00a0\u00bb button_one_use_icon=\u00a0\u00bboff\u00a0\u00bb custom_button_two=\u00a0\u00bbon\u00a0\u00bb button_two_text_size=\u00a0\u00bb16px\u00a0\u00bb button_two_text_color=\u00a0\u00bb#ffffff\u00a0\u00bb button_two_bg_color=\u00a0\u00bbrgba(0,0,0,0.6)\u00a0\u00bb button_two_border_width=\u00a0\u00bb15px\u00a0\u00bb button_two_border_color=\u00a0\u00bbrgba(210,159,104,0)\u00a0\u00bb button_two_border_radius=\u00a0\u00bb100px\u00a0\u00bb button_two_letter_spacing=\u00a0\u00bb0px\u00a0\u00bb button_two_font=\u00a0\u00bbRubik|700|||||||\u00a0\u00bb button_two_use_icon=\u00a0\u00bboff\u00a0\u00bb background_layout=\u00a0\u00bblight\u00a0\u00bb custom_margin=\u00a0\u00bb|||\u00a0\u00bb custom_padding=\u00a0\u00bb3vw||2vw|||\u00a0\u00bb animation_style=\u00a0\u00bbslide\u00a0\u00bb animation_direction=\u00a0\u00bbbottom\u00a0\u00bb animation_intensity_slide=\u00a0\u00bb1%\u00a0\u00bb subhead_font_size_tablet=\u00a0\u00bb\u00a0\u00bb subhead_font_size_phone=\u00a0\u00bb30px\u00a0\u00bb subhead_font_size_last_edited=\u00a0\u00bbon|phone\u00a0\u00bb button_one_border_radius_hover=\u00a0\u00bb100px\u00a0\u00bb button_two_border_radius_hover=\u00a0\u00bb100px\u00a0\u00bb button_one_bg_color_hover=\u00a0\u00bb#ff8a70&Prime; button_two_bg_color_hover=\u00a0\u00bb#ff8a70&Prime; global_colors_info=\u00a0\u00bb{}\u00a0\u00bb button_one_text_size__hover_enabled=\u00a0\u00bboff\u00a0\u00bb button_two_text_size__hover_enabled=\u00a0\u00bboff\u00a0\u00bb button_one_text_color__hover_enabled=\u00a0\u00bboff\u00a0\u00bb button_two_text_color__hover_enabled=\u00a0\u00bboff\u00a0\u00bb button_one_border_width__hover_enabled=\u00a0\u00bboff\u00a0\u00bb button_two_border_width__hover_enabled=\u00a0\u00bboff\u00a0\u00bb button_one_border_color__hover_enabled=\u00a0\u00bboff\u00a0\u00bb button_two_border_color__hover_enabled=\u00a0\u00bboff\u00a0\u00bb button_one_border_radius__hover_enabled=\u00a0\u00bbon\u00a0\u00bb button_one_border_radius__hover=\u00a0\u00bb100px\u00a0\u00bb button_two_border_radius__hover_enabled=\u00a0\u00bbon\u00a0\u00bb button_two_border_radius__hover=\u00a0\u00bb100px\u00a0\u00bb button_one_letter_spacing__hover_enabled=\u00a0\u00bboff\u00a0\u00bb button_two_letter_spacing__hover_enabled=\u00a0\u00bboff\u00a0\u00bb button_one_bg_color__hover_enabled=\u00a0\u00bbon\u00a0\u00bb button_one_bg_color__hover=\u00a0\u00bb#ff8a70&Prime; button_two_bg_color__hover_enabled=\u00a0\u00bbon\u00a0\u00bb button_two_bg_color__hover=\u00a0\u00bb#ff8a70&Prime;][\/et_pb_fullwidth_header][\/et_pb_section][et_pb_section fb_built=\u00a0\u00bb1&Prime; _builder_version=\u00a0\u00bb4.17.4&Prime; _module_preset=\u00a0\u00bbdefault\u00a0\u00bb custom_padding=\u00a0\u00bb13px|||||\u00a0\u00bb global_colors_info=\u00a0\u00bb{}\u00a0\u00bb][et_pb_row _builder_version=\u00a0\u00bb4.17.4&Prime; _module_preset=\u00a0\u00bbdefault\u00a0\u00bb global_colors_info=\u00a0\u00bb{}\u00a0\u00bb][et_pb_column type=\u00a0\u00bb4_4&Prime; _builder_version=\u00a0\u00bb4.17.4&Prime; _module_preset=\u00a0\u00bbdefault\u00a0\u00bb global_colors_info=\u00a0\u00bb{}\u00a0\u00bb][et_pb_text _builder_version=\u00a0\u00bb4.17.4&Prime; _module_preset=\u00a0\u00bbdefault\u00a0\u00bb hover_enabled=\u00a0\u00bb0&Prime; global_colors_info=\u00a0\u00bb{}\u00a0\u00bb sticky_enabled=\u00a0\u00bb0&Prime;]<\/p>\n<div id=\"et-boc\" class=\"et-boc\">\n<div class=\"et-l et-l--post\">\n<div class=\"et_builder_inner_content et_pb_gutters3\">\n<div class=\"et_pb_section et_pb_section_0 et_section_regular\">\n<div class=\"et_pb_row et_pb_row_0\">\n<div class=\"et_pb_column et_pb_column_4_4 et_pb_column_0  et_pb_css_mix_blend_mode_passthrough et-last-child\">\n<div class=\"et_pb_module et_pb_text et_pb_text_0  et_pb_text_align_left et_pb_bg_layout_light\">\n<div class=\"et_pb_text_inner\">\n<p><strong>Val\u00e9rie Le Fevre<\/strong><br \/>Adresse : 31 rue Philarete Chasles, 28110 LUC\u00c9<br \/>T\u00e9l : 06 44 08 03 92<\/p>\n<p><strong>Directrice de la publication :<\/strong> Val\u00e9rie Le Fevre<\/p>\n<p>&nbsp;<\/p>\n<p><strong>Conception :<\/strong><br \/>Nom : <a href=\"http:\/\/www.croquante.fr\">CROQUANTE<\/a><br \/>Adresse : 45 rue Jean-Jaur\u00e8s \u2013 62138 DOUVRIN<br \/>T\u00e9l : 06 59 42 17 50<\/p>\n<p><strong>H\u00e9bergement :<\/strong><br \/>Nom : OVH<br \/>Adresse : 2 rue Kellermann \u2013 59100 Roubaix \u2013 France<br \/>T\u00e9l : 1007<\/p>\n<\/div>\n<\/div>\n<\/div>\n<\/div>\n<\/div>\n<\/div>\n<\/div>\n<\/div>\n<p>[\/et_pb_text][\/et_pb_column][\/et_pb_row][\/et_pb_section]<\/p>\n","protected":false},"excerpt":{"rendered":"<p>Val\u00e9rie Le FevreAdresse : 31 rue Philarete Chasles, 28110 LUC\u00c9T\u00e9l : 06 44 08 03 92 Directrice de la publication : Val\u00e9rie Le Fevre &nbsp; Conception :Nom : CROQUANTEAdresse : 45 rue Jean-Jaur\u00e8s \u2013 62138 DOUVRINT\u00e9l : 06 59 42 17 50 H\u00e9bergement :Nom : OVHAdresse : 2 rue Kellermann \u2013 59100 Roubaix \u2013 FranceT\u00e9l [&hellip;]<\/p>\n","protected":false},"author":2,"featured_media":0,"parent":0,"menu_order":0,"comment_status":"closed","ping_status":"closed","template":"","meta":{"_et_pb_use_builder":"on","_et_pb_old_content":"","_et_gb_content_width":"","footnotes":""},"class_list":["post-685","page","type-page","status-publish","hentry"],"yoast_head":"<!-- This site is optimized with the Yoast SEO plugin v19.0 - https:\/\/yoast.com\/wordpress\/plugins\/seo\/ -->\n<title>Assistante maternelle Luc\u00e9 - Mentions l\u00e9gales - 28 - Chartres<\/title>\n<meta name=\"robots\" content=\"index, follow, max-snippet:-1, max-image-preview:large, max-video-preview:-1\" \/>\n<link rel=\"canonical\" href=\"https:\/\/assistante-maternelle-luce.fr\/?page_id=685\" \/>\n<meta property=\"og:locale\" content=\"fr_FR\" \/>\n<meta property=\"og:type\" content=\"article\" \/>\n<meta property=\"og:title\" content=\"Assistante maternelle Luc\u00e9 - Mentions l\u00e9gales - 28 - Chartres\" \/>\n<meta property=\"og:description\" content=\"Val\u00e9rie Le FevreAdresse : 31 rue Philarete Chasles, 28110 LUC\u00c9T\u00e9l : 06 44 08 03 92 Directrice de la publication : Val\u00e9rie Le Fevre &nbsp; Conception :Nom : CROQUANTEAdresse : 45 rue Jean-Jaur\u00e8s \u2013 62138 DOUVRINT\u00e9l : 06 59 42 17 50 H\u00e9bergement :Nom : OVHAdresse : 2 rue Kellermann \u2013 59100 Roubaix \u2013 FranceT\u00e9l [&hellip;]\" \/>\n<meta property=\"og:url\" content=\"https:\/\/assistante-maternelle-luce.fr\/?page_id=685\" \/>\n<meta property=\"og:site_name\" content=\"Assistante maternelle Luc\u00e9\" \/>\n<meta property=\"article:modified_time\" content=\"2022-07-04T13:05:24+00:00\" \/>\n<meta name=\"twitter:card\" content=\"summary_large_image\" \/>\n<meta name=\"twitter:label1\" content=\"Dur\u00e9e de lecture estim\u00e9e\" \/>\n\t<meta name=\"twitter:data1\" content=\"1 minute\" \/>\n<script type=\"application\/ld+json\" class=\"yoast-schema-graph\">{\"@context\":\"https:\/\/schema.org\",\"@graph\":[{\"@type\":\"WebSite\",\"@id\":\"https:\/\/assistante-maternelle-luce.fr\/#website\",\"url\":\"https:\/\/assistante-maternelle-luce.fr\/\",\"name\":\"Assistante maternelle Luc\u00e9\",\"description\":\"nounou luc\u00e9\",\"potentialAction\":[{\"@type\":\"SearchAction\",\"target\":{\"@type\":\"EntryPoint\",\"urlTemplate\":\"https:\/\/assistante-maternelle-luce.fr\/?s={search_term_string}\"},\"query-input\":\"required name=search_term_string\"}],\"inLanguage\":\"fr-FR\"},{\"@type\":\"WebPage\",\"@id\":\"https:\/\/assistante-maternelle-luce.fr\/?page_id=685#webpage\",\"url\":\"https:\/\/assistante-maternelle-luce.fr\/?page_id=685\",\"name\":\"Assistante maternelle Luc\u00e9 - Mentions l\u00e9gales - 28 - Chartres\",\"isPartOf\":{\"@id\":\"https:\/\/assistante-maternelle-luce.fr\/#website\"},\"datePublished\":\"2022-06-16T10:15:16+00:00\",\"dateModified\":\"2022-07-04T13:05:24+00:00\",\"breadcrumb\":{\"@id\":\"https:\/\/assistante-maternelle-luce.fr\/?page_id=685#breadcrumb\"},\"inLanguage\":\"fr-FR\",\"potentialAction\":[{\"@type\":\"ReadAction\",\"target\":[\"https:\/\/assistante-maternelle-luce.fr\/?page_id=685\"]}]},{\"@type\":\"BreadcrumbList\",\"@id\":\"https:\/\/assistante-maternelle-luce.fr\/?page_id=685#breadcrumb\",\"itemListElement\":[{\"@type\":\"ListItem\",\"position\":1,\"name\":\"Accueil\",\"item\":\"https:\/\/assistante-maternelle-luce.fr\/\"},{\"@type\":\"ListItem\",\"position\":2,\"name\":\"Mentions l\u00e9gales\"}]}]}<\/script>\n<!-- \/ Yoast SEO plugin. -->","yoast_head_json":{"title":"Assistante maternelle Luc\u00e9 - Mentions l\u00e9gales - 28 - Chartres","robots":{"index":"index","follow":"follow","max-snippet":"max-snippet:-1","max-image-preview":"max-image-preview:large","max-video-preview":"max-video-preview:-1"},"canonical":"https:\/\/assistante-maternelle-luce.fr\/?page_id=685","og_locale":"fr_FR","og_type":"article","og_title":"Assistante maternelle Luc\u00e9 - Mentions l\u00e9gales - 28 - Chartres","og_description":"Val\u00e9rie Le FevreAdresse : 31 rue Philarete Chasles, 28110 LUC\u00c9T\u00e9l : 06 44 08 03 92 Directrice de la publication : Val\u00e9rie Le Fevre &nbsp; Conception :Nom : CROQUANTEAdresse : 45 rue Jean-Jaur\u00e8s \u2013 62138 DOUVRINT\u00e9l : 06 59 42 17 50 H\u00e9bergement :Nom : OVHAdresse : 2 rue Kellermann \u2013 59100 Roubaix \u2013 FranceT\u00e9l [&hellip;]","og_url":"https:\/\/assistante-maternelle-luce.fr\/?page_id=685","og_site_name":"Assistante maternelle Luc\u00e9","article_modified_time":"2022-07-04T13:05:24+00:00","twitter_card":"summary_large_image","twitter_misc":{"Dur\u00e9e de lecture estim\u00e9e":"1 minute"},"schema":{"@context":"https:\/\/schema.org","@graph":[{"@type":"WebSite","@id":"https:\/\/assistante-maternelle-luce.fr\/#website","url":"https:\/\/assistante-maternelle-luce.fr\/","name":"Assistante maternelle Luc\u00e9","description":"nounou luc\u00e9","potentialAction":[{"@type":"SearchAction","target":{"@type":"EntryPoint","urlTemplate":"https:\/\/assistante-maternelle-luce.fr\/?s={search_term_string}"},"query-input":"required name=search_term_string"}],"inLanguage":"fr-FR"},{"@type":"WebPage","@id":"https:\/\/assistante-maternelle-luce.fr\/?page_id=685#webpage","url":"https:\/\/assistante-maternelle-luce.fr\/?page_id=685","name":"Assistante maternelle Luc\u00e9 - Mentions l\u00e9gales - 28 - Chartres","isPartOf":{"@id":"https:\/\/assistante-maternelle-luce.fr\/#website"},"datePublished":"2022-06-16T10:15:16+00:00","dateModified":"2022-07-04T13:05:24+00:00","breadcrumb":{"@id":"https:\/\/assistante-maternelle-luce.fr\/?page_id=685#breadcrumb"},"inLanguage":"fr-FR","potentialAction":[{"@type":"ReadAction","target":["https:\/\/assistante-maternelle-luce.fr\/?page_id=685"]}]},{"@type":"BreadcrumbList","@id":"https:\/\/assistante-maternelle-luce.fr\/?page_id=685#breadcrumb","itemListElement":[{"@type":"ListItem","position":1,"name":"Accueil","item":"https:\/\/assistante-maternelle-luce.fr\/"},{"@type":"ListItem","position":2,"name":"Mentions l\u00e9gales"}]}]}},"_links":{"self":[{"href":"https:\/\/assistante-maternelle-luce.fr\/index.php?rest_route=\/wp\/v2\/pages\/685","targetHints":{"allow":["GET"]}}],"collection":[{"href":"https:\/\/assistante-maternelle-luce.fr\/index.php?rest_route=\/wp\/v2\/pages"}],"about":[{"href":"https:\/\/assistante-maternelle-luce.fr\/index.php?rest_route=\/wp\/v2\/types\/page"}],"author":[{"embeddable":true,"href":"https:\/\/assistante-maternelle-luce.fr\/index.php?rest_route=\/wp\/v2\/users\/2"}],"replies":[{"embeddable":true,"href":"https:\/\/assistante-maternelle-luce.fr\/index.php?rest_route=%2Fwp%2Fv2%2Fcomments&post=685"}],"version-history":[{"count":7,"href":"https:\/\/assistante-maternelle-luce.fr\/index.php?rest_route=\/wp\/v2\/pages\/685\/revisions"}],"predecessor-version":[{"id":1001,"href":"https:\/\/assistante-maternelle-luce.fr\/index.php?rest_route=\/wp\/v2\/pages\/685\/revisions\/1001"}],"wp:attachment":[{"href":"https:\/\/assistante-maternelle-luce.fr\/index.php?rest_route=%2Fwp%2Fv2%2Fmedia&parent=685"}],"curies":[{"name":"wp","href":"https:\/\/api.w.org\/{rel}","templated":true}]}}