{"id":781,"date":"2022-06-20T09:34:32","date_gmt":"2022-06-20T07:34:32","guid":{"rendered":"https:\/\/www.assistante-maternelle-luce.fr\/?page_id=781"},"modified":"2022-07-05T20:22:44","modified_gmt":"2022-07-05T18:22:44","slug":"parents-mode-emploi","status":"publish","type":"page","link":"https:\/\/assistante-maternelle-luce.fr\/?page_id=781","title":{"rendered":"Parents mode d&#8217;emploi"},"content":{"rendered":"<p>[et_pb_section fb_built=\u00a0\u00bb1&Prime; _builder_version=\u00a0\u00bb4.17.4&Prime; _module_preset=\u00a0\u00bbdefault\u00a0\u00bb background_enable_color=\u00a0\u00bboff\u00a0\u00bb background_image=\u00a0\u00bbhttps:\/\/www.assistante-maternelle-luce.fr\/wp-content\/uploads\/2022\/06\/assistante_maternelle_parents.jpg\u00a0\u00bb background_position=\u00a0\u00bbtop_center\u00a0\u00bb background_vertical_offset=\u00a0\u00bb28%\u00a0\u00bb min_height=\u00a0\u00bb500px\u00a0\u00bb custom_margin=\u00a0\u00bb0px||||false|false\u00a0\u00bb box_shadow_style=\u00a0\u00bbpreset2&Prime; box_shadow_horizontal=\u00a0\u00bb0px\u00a0\u00bb box_shadow_vertical=\u00a0\u00bb0px\u00a0\u00bb box_shadow_blur=\u00a0\u00bb11px\u00a0\u00bb box_shadow_spread=\u00a0\u00bb1px\u00a0\u00bb locked=\u00a0\u00bboff\u00a0\u00bb global_colors_info=\u00a0\u00bb{}\u00a0\u00bb][et_pb_row _builder_version=\u00a0\u00bb4.17.4&Prime; _module_preset=\u00a0\u00bbdefault\u00a0\u00bb custom_margin=\u00a0\u00bb138px|auto||auto||\u00a0\u00bb global_colors_info=\u00a0\u00bb{}\u00a0\u00bb][et_pb_column type=\u00a0\u00bb4_4&Prime; _builder_version=\u00a0\u00bb4.17.4&Prime; _module_preset=\u00a0\u00bbdefault\u00a0\u00bb global_colors_info=\u00a0\u00bb{}\u00a0\u00bb][et_pb_text _builder_version=\u00a0\u00bb4.17.4&Prime; _module_preset=\u00a0\u00bbdefault\u00a0\u00bb header_font=\u00a0\u00bbRubik|700|||||||\u00a0\u00bb header_text_align=\u00a0\u00bbcenter\u00a0\u00bb header_font_size=\u00a0\u00bb49px\u00a0\u00bb background_color=\u00a0\u00bbgcid-56600195-3229-48b5-ad61-1ec65e513491&Prime; width=\u00a0\u00bb58%\u00a0\u00bb max_width=\u00a0\u00bb100%\u00a0\u00bb module_alignment=\u00a0\u00bbcenter\u00a0\u00bb custom_padding=\u00a0\u00bb9px||||false|false\u00a0\u00bb animation_style=\u00a0\u00bbflip\u00a0\u00bb animation_duration=\u00a0\u00bb1200ms\u00a0\u00bb header_font_size_tablet=\u00a0\u00bb49px\u00a0\u00bb header_font_size_phone=\u00a0\u00bb37px\u00a0\u00bb header_font_size_last_edited=\u00a0\u00bbon|phone\u00a0\u00bb border_radii=\u00a0\u00bbon|20px|20px|20px|20px\u00a0\u00bb box_shadow_style=\u00a0\u00bbpreset1&Prime; box_shadow_vertical=\u00a0\u00bb0px\u00a0\u00bb box_shadow_blur=\u00a0\u00bb12px\u00a0\u00bb box_shadow_spread=\u00a0\u00bb3px\u00a0\u00bb box_shadow_color=\u00a0\u00bb#FFFFFF\u00a0\u00bb global_colors_info=\u00a0\u00bb{%22gcid-56600195-3229-48b5-ad61-1ec65e513491%22:%91%22background_color%22%93}\u00a0\u00bb]<\/p>\n<h1 style=\"text-align: center;\"><span style=\"color: #ffffff;\">Parents, mode d&#8217;emploi<br \/><\/span><\/h1>\n<p>[\/et_pb_text][\/et_pb_column][\/et_pb_row][\/et_pb_section][et_pb_section fb_built=\u00a0\u00bb1&Prime; admin_label=\u00a0\u00bbTestimonials\u00a0\u00bb _builder_version=\u00a0\u00bb4.17.4&Prime; _module_preset=\u00a0\u00bbdefault\u00a0\u00bb background_image=\u00a0\u00bbhttps:\/\/www.assistante-maternelle-luce.fr\/wp-content\/uploads\/2022\/06\/shapes-bg-color.png\u00a0\u00bb parallax=\u00a0\u00bbon\u00a0\u00bb custom_padding=\u00a0\u00bb|||\u00a0\u00bb global_colors_info=\u00a0\u00bb{}\u00a0\u00bb][et_pb_row _builder_version=\u00a0\u00bb4.17.4&Prime; _module_preset=\u00a0\u00bbdefault\u00a0\u00bb global_colors_info=\u00a0\u00bb{}\u00a0\u00bb][et_pb_column type=\u00a0\u00bb4_4&Prime; _builder_version=\u00a0\u00bb4.17.4&Prime; _module_preset=\u00a0\u00bbdefault\u00a0\u00bb global_colors_info=\u00a0\u00bb{}\u00a0\u00bb][et_pb_text _builder_version=\u00a0\u00bb4.17.4&Prime; _module_preset=\u00a0\u00bbdefault\u00a0\u00bb global_colors_info=\u00a0\u00bb{}\u00a0\u00bb]<\/p>\n<h2>Assistante maternelle ind\u00e9pendante, comment \u00e7\u00e0 se passe pour le contrat de travail ?<\/h2>\n<p>&nbsp;<\/p>\n<p>En tant qu&rsquo;assistante maternelle ind\u00e9pendante si vous \u00eates parents vous devenez mes employeurs. Pour effectuer le contrat de travail, nous nous mettons d&rsquo;accord sur un taux horaires qui varie en fonction du nombre d&rsquo;heures et de jours de gardes d&rsquo;enfants.<strong> Pour connaitre le taux horaire, contactez-moi au 06 44 08 03 92.\u00a0<\/strong><\/p>\n<p><strong><\/strong><\/p>\n<p><strong>Les d\u00e9marches administratives sont simplifiez gr\u00e2ce \u00e0 la plateforme top-assmat.\u00a0<\/strong><\/p>\n<p><strong><\/strong><\/p>\n<p><strong>Des contrats complets et conformes \u00e0 la r\u00e9glementation en rigueur sont disponibles sur cette plateforme. La gestion administratif, la paie, les cong\u00e9s, les d\u00e9ductions, r\u00e9gularisations, d\u00e9clarations et solde de tout compte sont simplifi\u00e9s.\u00a0<\/strong><\/p>\n<p>[\/et_pb_text][\/et_pb_column][\/et_pb_row][et_pb_row column_structure=\u00a0\u00bb2_5,3_5&Prime; make_equal=\u00a0\u00bbon\u00a0\u00bb _builder_version=\u00a0\u00bb4.17.4&Prime; _module_preset=\u00a0\u00bbdefault\u00a0\u00bb background_color=\u00a0\u00bbgcid-56600195-3229-48b5-ad61-1ec65e513491&Prime; width_tablet=\u00a0\u00bb\u00a0\u00bb width_phone=\u00a0\u00bb95%\u00a0\u00bb width_last_edited=\u00a0\u00bbon|phone\u00a0\u00bb custom_padding=\u00a0\u00bb|27px||27px|false|false\u00a0\u00bb border_radii=\u00a0\u00bbon|20px|20px|20px|20px\u00a0\u00bb global_colors_info=\u00a0\u00bb{%22gcid-56600195-3229-48b5-ad61-1ec65e513491%22:%91%22background_color%22%93}\u00a0\u00bb][et_pb_column type=\u00a0\u00bb2_5&Prime; _builder_version=\u00a0\u00bb4.17.4&Prime; _module_preset=\u00a0\u00bbdefault\u00a0\u00bb global_colors_info=\u00a0\u00bb{}\u00a0\u00bb][et_pb_image src=\u00a0\u00bbhttps:\/\/www.assistante-maternelle-luce.fr\/wp-content\/uploads\/2022\/06\/logo-top-assmat.jpg\u00a0\u00bb title_text=\u00a0\u00bblogo-top-assmat\u00a0\u00bb url=\u00a0\u00bbhttps:\/\/top-assmat.com\/\u00a0\u00bb show_bottom_space=\u00a0\u00bboff\u00a0\u00bb align=\u00a0\u00bbcenter\u00a0\u00bb _builder_version=\u00a0\u00bb4.17.4&Prime; _module_preset=\u00a0\u00bbdefault\u00a0\u00bb background_color=\u00a0\u00bbRGBA(255,255,255,0)\u00a0\u00bb custom_margin=\u00a0\u00bb10px||35px|12px|false|false\u00a0\u00bb custom_padding=\u00a0\u00bb0px||0px||true|true\u00a0\u00bb border_radii=\u00a0\u00bbon|10px|10px|10px|10px\u00a0\u00bb box_shadow_style=\u00a0\u00bbpreset4&Prime; global_colors_info=\u00a0\u00bb{}\u00a0\u00bb][\/et_pb_image][et_pb_text _builder_version=\u00a0\u00bb4.17.4&Prime; _module_preset=\u00a0\u00bbdefault\u00a0\u00bb header_2_text_color=\u00a0\u00bb#FFFFFF\u00a0\u00bb header_2_line_height=\u00a0\u00bb1.8em\u00a0\u00bb custom_padding=\u00a0\u00bb|||24px|false|false\u00a0\u00bb global_colors_info=\u00a0\u00bb{}\u00a0\u00bb]<\/p>\n<h2>Avec <strong>Top-Assmat<\/strong>,<br \/>vous gagnerez un temps fou !<\/h2>\n<h2><strong>Sans calculs et discussions<br \/><\/strong><strong>qui prennent des heures !<\/strong><\/h2>\n<p>[\/et_pb_text][\/et_pb_column][et_pb_column type=\u00a0\u00bb3_5&Prime; _builder_version=\u00a0\u00bb4.17.4&Prime; _module_preset=\u00a0\u00bbdefault\u00a0\u00bb global_colors_info=\u00a0\u00bb{}\u00a0\u00bb][et_pb_text _builder_version=\u00a0\u00bb4.17.4&Prime; _module_preset=\u00a0\u00bbdefault\u00a0\u00bb text_text_color=\u00a0\u00bb#FFFFFF\u00a0\u00bb text_font_size=\u00a0\u00bb16px\u00a0\u00bb text_line_height=\u00a0\u00bb2.3em\u00a0\u00bb global_colors_info=\u00a0\u00bb{}\u00a0\u00bb]<\/p>\n<p>Tout l&rsquo;administratif et la comptabilit\u00e9 de votre contrat <strong>deviennent faciles<\/strong>, parce que vous serez <strong>zen et pro<\/strong> \u00e0 la fois.<br \/>Soyez assur\u00e9s d&rsquo;une <strong>gestion juste et conforme<\/strong> aux lois en vigueur.<br \/>Les calculs sont <strong>transparents<\/strong> et <strong>sans risque d&rsquo;erreur en votre d\u00e9faveur<\/strong>, parce que vous aurez un ange gardien.<br \/>\u00c9vitez au maximum le risque de conflits avec vos employeurs.<br \/>Concentrez vos \u00e9changes sur les enfants plut\u00f4t que sur les questions d&rsquo;argent !<\/p>\n<p>[\/et_pb_text][et_pb_button button_url=\u00a0\u00bbhttps:\/\/top-assmat.com\/\u00a0\u00bb button_text=\u00a0\u00bbEn savoir plus\u00a0\u00bb button_alignment=\u00a0\u00bbleft\u00a0\u00bb _builder_version=\u00a0\u00bb4.17.4&Prime; _module_preset=\u00a0\u00bbdefault\u00a0\u00bb custom_button=\u00a0\u00bbon\u00a0\u00bb button_text_size=\u00a0\u00bb21px\u00a0\u00bb button_border_radius=\u00a0\u00bb33px\u00a0\u00bb button_font=\u00a0\u00bb|700|||||||\u00a0\u00bb button_icon=\u00a0\u00bb&#x3d;||divi||400&Prime; button_icon_placement=\u00a0\u00bbleft\u00a0\u00bb background_layout=\u00a0\u00bbdark\u00a0\u00bb box_shadow_style=\u00a0\u00bbpreset1&Prime; global_colors_info=\u00a0\u00bb{}\u00a0\u00bb][\/et_pb_button][\/et_pb_column][\/et_pb_row][\/et_pb_section][et_pb_section fb_built=\u00a0\u00bb1&Prime; admin_label=\u00a0\u00bbEvents\u00a0\u00bb _builder_version=\u00a0\u00bb4.17.4&Prime; background_enable_color=\u00a0\u00bboff\u00a0\u00bb background_image=\u00a0\u00bbhttps:\/\/www.assistante-maternelle-luce.fr\/wp-content\/uploads\/2022\/06\/dhmffh.jpg\u00a0\u00bb parallax=\u00a0\u00bbon\u00a0\u00bb custom_margin=\u00a0\u00bb35px||0px||false|false\u00a0\u00bb custom_padding=\u00a0\u00bb9px||30px||false|false\u00a0\u00bb locked=\u00a0\u00bboff\u00a0\u00bb global_colors_info=\u00a0\u00bb{}\u00a0\u00bb][et_pb_row _builder_version=\u00a0\u00bb4.17.4&Prime; _module_preset=\u00a0\u00bbdefault\u00a0\u00bb global_colors_info=\u00a0\u00bb{}\u00a0\u00bb][et_pb_column type=\u00a0\u00bb4_4&Prime; _builder_version=\u00a0\u00bb4.17.4&Prime; _module_preset=\u00a0\u00bbdefault\u00a0\u00bb global_colors_info=\u00a0\u00bb{}\u00a0\u00bb][et_pb_text _builder_version=\u00a0\u00bb4.16&Prime; text_font=\u00a0\u00bbRubik|500|||||||\u00a0\u00bb text_font_size=\u00a0\u00bb16px\u00a0\u00bb text_line_height=\u00a0\u00bb2em\u00a0\u00bb header_font=\u00a0\u00bb||||||||\u00a0\u00bb header_2_font=\u00a0\u00bbRubik|700|||||||\u00a0\u00bb header_2_font_size=\u00a0\u00bb40px\u00a0\u00bb header_2_line_height=\u00a0\u00bb1.4em\u00a0\u00bb header_5_font=\u00a0\u00bbRubik|700||on|||||\u00a0\u00bb header_5_text_color=\u00a0\u00bb#2b76df\u00a0\u00bb header_5_letter_spacing=\u00a0\u00bb5px\u00a0\u00bb header_5_line_height=\u00a0\u00bb1.5em\u00a0\u00bb text_orientation=\u00a0\u00bbcenter\u00a0\u00bb max_width=\u00a0\u00bb700px\u00a0\u00bb module_alignment=\u00a0\u00bbcenter\u00a0\u00bb custom_margin=\u00a0\u00bb|||\u00a0\u00bb custom_margin_tablet=\u00a0\u00bb0px|||\u00a0\u00bb custom_margin_last_edited=\u00a0\u00bboff|desktop\u00a0\u00bb custom_padding=\u00a0\u00bb||4px|||\u00a0\u00bb text_line_height_last_edited=\u00a0\u00bboff|desktop\u00a0\u00bb header_2_font_size_tablet=\u00a0\u00bb\u00a0\u00bb header_2_font_size_phone=\u00a0\u00bb30px\u00a0\u00bb header_2_font_size_last_edited=\u00a0\u00bbon|phone\u00a0\u00bb global_colors_info=\u00a0\u00bb{}\u00a0\u00bb]<\/p>\n<h2>Les Engagements<\/h2>\n<p>[\/et_pb_text][\/et_pb_column][\/et_pb_row][et_pb_row column_structure=\u00a0\u00bb1_2,1_2&Prime; use_custom_gutter=\u00a0\u00bbon\u00a0\u00bb gutter_width=\u00a0\u00bb4&Prime; make_equal=\u00a0\u00bbon\u00a0\u00bb custom_padding_last_edited=\u00a0\u00bbon|phone\u00a0\u00bb admin_label=\u00a0\u00bbTitle Row\u00a0\u00bb _builder_version=\u00a0\u00bb4.17.4&Prime; background_color=\u00a0\u00bbrgba(255,255,255,0.5)\u00a0\u00bb parallax=\u00a0\u00bbon\u00a0\u00bb custom_margin=\u00a0\u00bb||||false|false\u00a0\u00bb custom_padding=\u00a0\u00bb|20px||20px|false|false\u00a0\u00bb custom_padding_tablet=\u00a0\u00bb|20px||20px|false|false\u00a0\u00bb custom_padding_phone=\u00a0\u00bb|10px||10px|false|false\u00a0\u00bb border_radii=\u00a0\u00bbon|20px|20px|20px|20px\u00a0\u00bb locked=\u00a0\u00bboff\u00a0\u00bb global_colors_info=\u00a0\u00bb{}\u00a0\u00bb][et_pb_column type=\u00a0\u00bb1_2&Prime; _builder_version=\u00a0\u00bb4.17.4&Prime; background_enable_image=\u00a0\u00bboff\u00a0\u00bb custom_padding=\u00a0\u00bb|||\u00a0\u00bb border_radii=\u00a0\u00bbon|10px|10px|10px|10px\u00a0\u00bb global_colors_info=\u00a0\u00bb{}\u00a0\u00bb custom_padding__hover=\u00a0\u00bb|||\u00a0\u00bb][et_pb_text _builder_version=\u00a0\u00bb4.17.4&Prime; _module_preset=\u00a0\u00bbdefault\u00a0\u00bb text_font_size=\u00a0\u00bb15px\u00a0\u00bb text_line_height=\u00a0\u00bb2.1em\u00a0\u00bb header_3_line_height_tablet=\u00a0\u00bb\u00a0\u00bb header_3_line_height_phone=\u00a0\u00bb1.3em\u00a0\u00bb header_3_line_height_last_edited=\u00a0\u00bbon|phone\u00a0\u00bb global_colors_info=\u00a0\u00bb{}\u00a0\u00bb]<\/p>\n<h3><span style=\"color: #333333;\">L\u2019assistante maternelle s\u2019engage \u00e0 :<\/span><\/h3>\n<p><span style=\"color: #333333;\">\u2022 <strong>Respecter le nombre d\u2019enfants autoris\u00e9s<\/strong> par l\u2019agr\u00e9ment qui lui a \u00e9t\u00e9 d\u00e9livr\u00e9.<\/span><\/p>\n<p><span style=\"color: #333333;\">\u2022 Souscrire une <strong>assurance<\/strong> \u00ab Responsabilit\u00e9 civile professionnelle \u00bb.<\/span><\/p>\n<p><span style=\"color: #333333;\">\u2022 Mettre tout en\u00a0\u0153uvre\u00a0pour d\u00e9velopper une <strong>qualit\u00e9 d\u2019accueil<\/strong> garantissant\u00a0la sant\u00e9, la s\u00e9curit\u00e9 et l\u2019\u00e9panouissement de l\u2019enfant accueilli.<\/span><\/p>\n<p><span style=\"color: #333333;\">\u2022 Fournir tous les <strong>soins n\u00e9cessaires au plein \u00e9panouissement physique<\/strong>, intellectuel et affectif de l\u2019enfant,\u00a0en collaboration avec la famille.<\/span><\/p>\n<p><span style=\"color: #333333;\">\u2022 <strong>Informer les parents<\/strong>\u00a0du comportement de l\u2019enfant, du contenu des repas et\/ou\u00a0go\u00fbter,\u00a0des activit\u00e9s &#8230; \u00a0et des \u00e9ventuelles difficult\u00e9s rencontr\u00e9es.<\/span><\/p>\n<p><span style=\"color: #333333;\">\u2022 Ne pas laisser l\u2019enfant sans surveillance.<\/span><\/p>\n<p><span style=\"color: #333333;\">\u2022 Respecter les r\u00e8gles de la <strong>discr\u00e9tion professionnelle<\/strong>.<\/span><\/p>\n<p>[\/et_pb_text][\/et_pb_column][et_pb_column type=\u00a0\u00bb1_2&Prime; _builder_version=\u00a0\u00bb4.17.4&Prime; _module_preset=\u00a0\u00bbdefault\u00a0\u00bb global_colors_info=\u00a0\u00bb{}\u00a0\u00bb][et_pb_text _builder_version=\u00a0\u00bb4.17.4&Prime; _module_preset=\u00a0\u00bbdefault\u00a0\u00bb text_font_size=\u00a0\u00bb15px\u00a0\u00bb text_line_height=\u00a0\u00bb2.1em\u00a0\u00bb hover_enabled=\u00a0\u00bb0&Prime; global_colors_info=\u00a0\u00bb{}\u00a0\u00bb sticky_enabled=\u00a0\u00bb0&Prime;]<\/p>\n<h3><span style=\"color: #333333;\">Les parents s\u2019engagent \u00e0 :<\/span><\/h3>\n<p><span style=\"color: #333333;\">\u2022 <strong>V<\/strong><span style=\"font-weight: bold;\">\u00e9rifier la validit\u00e9 de l\u2019agr\u00e9ment<\/span> de l\u2019assistante maternelle.<\/span><\/p>\n<p><span style=\"color: #333333;\">\u2022 <strong><\/strong>V\u00e9rifier que l\u2019assistante maternelle a souscrit une assurance \u00ab Responsabilit\u00e9 civile professionnelle \u00bb pour les dommages subis ou caus\u00e9s par l\u2019enfant durant le temps d\u2019accueil.<\/span><\/p>\n<p><span style=\"font-weight: bold; color: #333333;\">\u2022 D<strong><\/strong>\u00e9clarer l\u2019assistante maternelle \u00e0 l\u2019URSSAF ou \u00e0 la CAF ou MSA (Pajemploi).<\/span><\/p>\n<p><span style=\"color: #333333;\"><span style=\"font-weight: bold;\">\u2022 <strong><\/strong>D\u00e9clarer chaque mois \u00a0les salaires<\/span>\u00a0de l\u2019assistante maternelle sur\u00a0<span style=\"font-weight: bold;\">PAJEMPLOI.<\/span><span style=\"font-weight: bold;\"><br \/><\/span><\/span><\/p>\n<p><span style=\"color: #333333;\"><span style=\"font-weight: bold;\">\u2022 <strong><\/strong>Respecter les horaires d<\/span><span style=\"font-weight: bold;\">\u2019accueil<\/span> <span style=\"font-style: italic;\">(pr\u00e9venir si changement des horaires, retard, \u2026 souvenez vous que votre assistante maternelle a elle aussi une vie apr\u00e8s le travail . <\/span><span style=\"font-weight: bold;\">Pensez aussi \u00e0 pr\u00e9venir si vous deviez arriver en avance.<\/span><span style=\"font-style: italic;\"><br \/><\/span><\/span><\/p>\n<p><span style=\"color: #333333;\"><span style=\"font-weight: bold;\">\u2022 <strong><\/strong>S\u2019abstenir de faire des requ\u00eates trop exigeantes \u00e0 l\u2019assistante maternelle<\/span>. En effet, votre enfant n\u2019est pas toujours le seul enfant accueilli \u00a0et j\u2019applique les m\u00eames r\u00e8gles \u00a0pour tous.<br \/><\/span><\/p>\n<p><span style=\"color: #333333;\"><span style=\"font-weight: bold;\">\u2022 <strong><\/strong>Respecter l\u2019intimit\u00e9 et la vie priv\u00e9e<\/span> de l\u2019assistante maternelle et de sa famille.<\/span><\/p>\n<p><span style=\"color: #333333;\"><span style=\"font-weight: bold;\">\u2022 Informer<\/span> l\u2018assistante maternelle <span>du changement de situation familiale <\/span><span style=\"font-weight: bold;\">.<\/span><\/span><\/p>\n<p><span style=\"font-weight: bold; color: #333333;\">\u2022 <strong><\/strong>Respecter le contrat de travail.<\/span><\/p>\n<p>[\/et_pb_text][\/et_pb_column][\/et_pb_row][\/et_pb_section]<\/p>\n","protected":false},"excerpt":{"rendered":"<p>Parents, mode d&#8217;emploiAssistante maternelle ind\u00e9pendante, comment \u00e7\u00e0 se passe pour le contrat de travail ? &nbsp; En tant qu&rsquo;assistante maternelle ind\u00e9pendante si vous \u00eates parents vous devenez mes employeurs. Pour effectuer le contrat de travail, nous nous mettons d&rsquo;accord sur un taux horaires qui varie en fonction du nombre d&rsquo;heures et de jours de gardes [&hellip;]<\/p>\n","protected":false},"author":2,"featured_media":0,"parent":0,"menu_order":0,"comment_status":"closed","ping_status":"closed","template":"","meta":{"_et_pb_use_builder":"on","_et_pb_old_content":"","_et_gb_content_width":"","footnotes":""},"class_list":["post-781","page","type-page","status-publish","hentry"],"yoast_head":"<!-- This site is optimized with the Yoast SEO plugin v19.0 - https:\/\/yoast.com\/wordpress\/plugins\/seo\/ -->\n<title>Assistante maternelle Luc\u00e9 - Parents mode d&#039;emploi - 28 - Chartres<\/title>\n<meta name=\"description\" content=\"Quels sont les engagements de l&#039;assistante maternelle et des parents envers les enfants ? Je vous r\u00e9ponds ici !\" \/>\n<meta name=\"robots\" content=\"index, follow, max-snippet:-1, max-image-preview:large, max-video-preview:-1\" \/>\n<link rel=\"canonical\" href=\"https:\/\/assistante-maternelle-luce.fr\/?page_id=781\" \/>\n<meta property=\"og:locale\" content=\"fr_FR\" \/>\n<meta property=\"og:type\" content=\"article\" \/>\n<meta property=\"og:title\" content=\"Assistante maternelle Luc\u00e9 - Parents mode d&#039;emploi - 28 - Chartres\" \/>\n<meta property=\"og:description\" content=\"Quels sont les engagements de l&#039;assistante maternelle et des parents envers les enfants ? Je vous r\u00e9ponds ici !\" \/>\n<meta property=\"og:url\" content=\"https:\/\/assistante-maternelle-luce.fr\/?page_id=781\" \/>\n<meta property=\"og:site_name\" content=\"Assistante maternelle Luc\u00e9\" \/>\n<meta property=\"article:modified_time\" content=\"2022-07-05T18:22:44+00:00\" \/>\n<meta name=\"twitter:card\" content=\"summary_large_image\" \/>\n<meta name=\"twitter:label1\" content=\"Dur\u00e9e de lecture estim\u00e9e\" \/>\n\t<meta name=\"twitter:data1\" content=\"5 minutes\" \/>\n<script type=\"application\/ld+json\" class=\"yoast-schema-graph\">{\"@context\":\"https:\/\/schema.org\",\"@graph\":[{\"@type\":\"WebSite\",\"@id\":\"https:\/\/assistante-maternelle-luce.fr\/#website\",\"url\":\"https:\/\/assistante-maternelle-luce.fr\/\",\"name\":\"Assistante maternelle Luc\u00e9\",\"description\":\"nounou luc\u00e9\",\"potentialAction\":[{\"@type\":\"SearchAction\",\"target\":{\"@type\":\"EntryPoint\",\"urlTemplate\":\"https:\/\/assistante-maternelle-luce.fr\/?s={search_term_string}\"},\"query-input\":\"required name=search_term_string\"}],\"inLanguage\":\"fr-FR\"},{\"@type\":\"WebPage\",\"@id\":\"https:\/\/assistante-maternelle-luce.fr\/?page_id=781#webpage\",\"url\":\"https:\/\/assistante-maternelle-luce.fr\/?page_id=781\",\"name\":\"Assistante maternelle Luc\u00e9 - Parents mode d'emploi - 28 - Chartres\",\"isPartOf\":{\"@id\":\"https:\/\/assistante-maternelle-luce.fr\/#website\"},\"datePublished\":\"2022-06-20T07:34:32+00:00\",\"dateModified\":\"2022-07-05T18:22:44+00:00\",\"description\":\"Quels sont les engagements de l'assistante maternelle et des parents envers les enfants ? Je vous r\u00e9ponds ici !\",\"breadcrumb\":{\"@id\":\"https:\/\/assistante-maternelle-luce.fr\/?page_id=781#breadcrumb\"},\"inLanguage\":\"fr-FR\",\"potentialAction\":[{\"@type\":\"ReadAction\",\"target\":[\"https:\/\/assistante-maternelle-luce.fr\/?page_id=781\"]}]},{\"@type\":\"BreadcrumbList\",\"@id\":\"https:\/\/assistante-maternelle-luce.fr\/?page_id=781#breadcrumb\",\"itemListElement\":[{\"@type\":\"ListItem\",\"position\":1,\"name\":\"Accueil\",\"item\":\"https:\/\/assistante-maternelle-luce.fr\/\"},{\"@type\":\"ListItem\",\"position\":2,\"name\":\"Parents mode d&#8217;emploi\"}]}]}<\/script>\n<!-- \/ Yoast SEO plugin. -->","yoast_head_json":{"title":"Assistante maternelle Luc\u00e9 - Parents mode d'emploi - 28 - Chartres","description":"Quels sont les engagements de l'assistante maternelle et des parents envers les enfants ? Je vous r\u00e9ponds ici !","robots":{"index":"index","follow":"follow","max-snippet":"max-snippet:-1","max-image-preview":"max-image-preview:large","max-video-preview":"max-video-preview:-1"},"canonical":"https:\/\/assistante-maternelle-luce.fr\/?page_id=781","og_locale":"fr_FR","og_type":"article","og_title":"Assistante maternelle Luc\u00e9 - Parents mode d'emploi - 28 - Chartres","og_description":"Quels sont les engagements de l'assistante maternelle et des parents envers les enfants ? Je vous r\u00e9ponds ici !","og_url":"https:\/\/assistante-maternelle-luce.fr\/?page_id=781","og_site_name":"Assistante maternelle Luc\u00e9","article_modified_time":"2022-07-05T18:22:44+00:00","twitter_card":"summary_large_image","twitter_misc":{"Dur\u00e9e de lecture estim\u00e9e":"5 minutes"},"schema":{"@context":"https:\/\/schema.org","@graph":[{"@type":"WebSite","@id":"https:\/\/assistante-maternelle-luce.fr\/#website","url":"https:\/\/assistante-maternelle-luce.fr\/","name":"Assistante maternelle Luc\u00e9","description":"nounou luc\u00e9","potentialAction":[{"@type":"SearchAction","target":{"@type":"EntryPoint","urlTemplate":"https:\/\/assistante-maternelle-luce.fr\/?s={search_term_string}"},"query-input":"required name=search_term_string"}],"inLanguage":"fr-FR"},{"@type":"WebPage","@id":"https:\/\/assistante-maternelle-luce.fr\/?page_id=781#webpage","url":"https:\/\/assistante-maternelle-luce.fr\/?page_id=781","name":"Assistante maternelle Luc\u00e9 - Parents mode d'emploi - 28 - Chartres","isPartOf":{"@id":"https:\/\/assistante-maternelle-luce.fr\/#website"},"datePublished":"2022-06-20T07:34:32+00:00","dateModified":"2022-07-05T18:22:44+00:00","description":"Quels sont les engagements de l'assistante maternelle et des parents envers les enfants ? Je vous r\u00e9ponds ici !","breadcrumb":{"@id":"https:\/\/assistante-maternelle-luce.fr\/?page_id=781#breadcrumb"},"inLanguage":"fr-FR","potentialAction":[{"@type":"ReadAction","target":["https:\/\/assistante-maternelle-luce.fr\/?page_id=781"]}]},{"@type":"BreadcrumbList","@id":"https:\/\/assistante-maternelle-luce.fr\/?page_id=781#breadcrumb","itemListElement":[{"@type":"ListItem","position":1,"name":"Accueil","item":"https:\/\/assistante-maternelle-luce.fr\/"},{"@type":"ListItem","position":2,"name":"Parents mode d&#8217;emploi"}]}]}},"_links":{"self":[{"href":"https:\/\/assistante-maternelle-luce.fr\/index.php?rest_route=\/wp\/v2\/pages\/781","targetHints":{"allow":["GET"]}}],"collection":[{"href":"https:\/\/assistante-maternelle-luce.fr\/index.php?rest_route=\/wp\/v2\/pages"}],"about":[{"href":"https:\/\/assistante-maternelle-luce.fr\/index.php?rest_route=\/wp\/v2\/types\/page"}],"author":[{"embeddable":true,"href":"https:\/\/assistante-maternelle-luce.fr\/index.php?rest_route=\/wp\/v2\/users\/2"}],"replies":[{"embeddable":true,"href":"https:\/\/assistante-maternelle-luce.fr\/index.php?rest_route=%2Fwp%2Fv2%2Fcomments&post=781"}],"version-history":[{"count":16,"href":"https:\/\/assistante-maternelle-luce.fr\/index.php?rest_route=\/wp\/v2\/pages\/781\/revisions"}],"predecessor-version":[{"id":1034,"href":"https:\/\/assistante-maternelle-luce.fr\/index.php?rest_route=\/wp\/v2\/pages\/781\/revisions\/1034"}],"wp:attachment":[{"href":"https:\/\/assistante-maternelle-luce.fr\/index.php?rest_route=%2Fwp%2Fv2%2Fmedia&parent=781"}],"curies":[{"name":"wp","href":"https:\/\/api.w.org\/{rel}","templated":true}]}}